{"id":121,"date":"2020-02-03T10:00:00","date_gmt":"2020-02-03T09:00:00","guid":{"rendered":"https:\/\/lamaktaba.fr\/index.php\/produit\/les-7-peches-fatals-abderrazak-mahri\/"},"modified":"2025-04-01T12:47:43","modified_gmt":"2025-04-01T10:47:43","slug":"les-7-peches-fatals-abderrazak-mahri","status":"publish","type":"product","link":"https:\/\/lamaktaba.fr\/index.php\/produit\/les-7-peches-fatals-abderrazak-mahri","title":{"rendered":"Les 7 p\u00e9ch\u00e9s Fatals d&rsquo;Abderrazak Mahri &#8211; \u00e9dition maison d&rsquo;ennour (format mini poche)"},"content":{"rendered":"<p>Le proph\u00e8te (SwS) a dit \u00ab \u00c9vitez les septs p\u00e9ch\u00e9s fatals (m\u00fbbiq\u00e2t).- Et quels sont ces p\u00e9ch\u00e9s fatals, \u00f4 Envoy\u00e9 de dieu? Lui demanda-t-on. -Ce sont, r\u00e9pondit-il, le fait d&rsquo;associer \u00e0 Dieu (un autre que Lui), la sorcellerie, le meurtre d&rsquo;une \u00e2me que Dieu a prot\u00e9g\u00e9e d&rsquo;un interdit, sauf \u00e0 bon droit, le fait de manger l&rsquo;usure, de manger le bien de l&rsquo;orphelin, de fuir au jour du combat et de calomnier les croyantes vertueuses qui ne songent point \u00e0 mal \u00bb (Al-Bukh\u00e2r\u00ee et Muslim);Ces p\u00e9ch\u00e9s ont \u00e9t\u00e9 appel\u00e9s al-m\u00eebiq\u00e2t, c&rsquo;est-\u00e0-dire al-muhlik\u00e2t, car ils causent la perte de celui qui les commet, et le conduisent en Enfer, que Dieu nous en pr\u00e9serve !;Ce livre expose les d\u00e9finitions donn\u00e9es des diff\u00e9rentes cat\u00e9gories de p\u00e9ch\u00e9s par les \u00e9rudits ainsi que les divergences de ceux_ci \u00e0 ce sujet, il pr\u00e9sente ensuite les sept p\u00e9ch\u00e9s dits m\u00fbbiq\u00e2t ou fatals, les explique et met en relief leur champ d&rsquo;application en s&rsquo;appuya,y sur les commentaires des ex\u00e9g\u00e8tes et des doctes<\/p>\n","protected":false},"excerpt":{"rendered":"<p>Le proph\u00e8te (SwS) a dit \u00ab \u00c9vitez les septs p\u00e9ch\u00e9s fatals (m\u00fbbiq\u00e2t).- Et quels sont ces p\u00e9ch\u00e9s fatals, \u00f4 Envoy\u00e9 de dieu? Lui demanda-t-on. -Ce sont, r\u00e9pondit-il, le fait d&rsquo;associer \u00e0 Dieu (un autre que Lui), la sorcellerie, le meurtre d&rsquo;une \u00e2me que Dieu a prot\u00e9g\u00e9e d&rsquo;un interdit, sauf \u00e0 bon droit, le fait de manger l&rsquo;usure, de manger le bien de l&rsquo;orphelin, de fuir au jour du combat et de calomnier les croyantes vertueuses qui ne songent point \u00e0 mal \u00bb (Al-Bukh\u00e2r\u00ee et Muslim);Ces p\u00e9ch\u00e9s ont \u00e9t\u00e9 appel\u00e9s al-m\u00eebiq\u00e2t, c&rsquo;est-\u00e0-dire al-muhlik\u00e2t, car ils causent la perte de celui qui les commet, et le conduisent en Enfer, que Dieu nous en pr\u00e9serve !;Ce livre expose les d\u00e9finitions donn\u00e9es des diff\u00e9rentes cat\u00e9gories de p\u00e9ch\u00e9s par les \u00e9rudits ainsi que les divergences de ceux_ci \u00e0 ce sujet, il pr\u00e9sente ensuite les sept p\u00e9ch\u00e9s dits m\u00fbbiq\u00e2t ou fatals, les explique et met en relief leur champ d&rsquo;application en s&rsquo;appuya,y sur les commentaires des ex\u00e9g\u00e8tes et des doctes<\/p>\n","protected":false},"featured_media":37913,"comment_status":"open","ping_status":"closed","template":"","meta":[],"product_brand":[],"product_cat":[1899,1898],"product_tag":[],"class_list":{"0":"post-121","1":"product","2":"type-product","3":"status-publish","4":"has-post-thumbnail","6":"product_cat-jurisprudence","7":"product_cat-pratique-religieuse","8":"pa_annee-381","9":"pa_auteur-abderrazak-mahri","10":"pa_editeur-maison-dennour-editions-2","11":"pa_format-mini-poche","12":"pa_langue-francais","13":"pa_nombre-de-pages-921","14":"pa_reliure-souple","16":"first","17":"outofstock","18":"shipping-taxable","19":"purchasable","20":"product-type-simple"},"_links":{"self":[{"href":"https:\/\/lamaktaba.fr\/index.php\/wp-json\/wp\/v2\/product\/121","targetHints":{"allow":["GET"]}}],"collection":[{"href":"https:\/\/lamaktaba.fr\/index.php\/wp-json\/wp\/v2\/product"}],"about":[{"href":"https:\/\/lamaktaba.fr\/index.php\/wp-json\/wp\/v2\/types\/product"}],"replies":[{"embeddable":true,"href":"https:\/\/lamaktaba.fr\/index.php\/wp-json\/wp\/v2\/comments?post=121"}],"wp:featuredmedia":[{"embeddable":true,"href":"https:\/\/lamaktaba.fr\/index.php\/wp-json\/wp\/v2\/media\/37913"}],"wp:attachment":[{"href":"https:\/\/lamaktaba.fr\/index.php\/wp-json\/wp\/v2\/media?parent=121"}],"wp:term":[{"taxonomy":"product_brand","embeddable":true,"href":"https:\/\/lamaktaba.fr\/index.php\/wp-json\/wp\/v2\/product_brand?post=121"},{"taxonomy":"product_cat","embeddable":true,"href":"https:\/\/lamaktaba.fr\/index.php\/wp-json\/wp\/v2\/product_cat?post=121"},{"taxonomy":"product_tag","embeddable":true,"href":"https:\/\/lamaktaba.fr\/index.php\/wp-json\/wp\/v2\/product_tag?post=121"}],"curies":[{"name":"wp","href":"https:\/\/api.w.org\/{rel}","templated":true}]}}