{"id":116,"date":"2020-02-03T10:00:00","date_gmt":"2020-02-03T09:00:00","guid":{"rendered":"https:\/\/lamaktaba.fr\/index.php\/produit\/poudre-de-charbon-actif-hello-siwak\/"},"modified":"2025-04-01T12:45:05","modified_gmt":"2025-04-01T10:45:05","slug":"poudre-de-charbon-actif-hello-siwak","status":"publish","type":"product","link":"https:\/\/lamaktaba.fr\/index.php\/produit\/poudre-de-charbon-actif-hello-siwak","title":{"rendered":"Poudre de Charbon Actif (Hello Siwak)"},"content":{"rendered":"<p>Enfin les dents blanches !;Le charbon v\u00e9g\u00e9tal, \u00e9galement appel\u00e9 \u00ab charbon actif \u00bb ou \u00ab charbon activ\u00e9 \u00bb est une poudre noire issue de la carbonisation de mati\u00e8res organiques v\u00e9g\u00e9tales. Cette substance miracle est un absorbant naturel antibact\u00e9rien qui \u00e9limine toutes les toxines qui adh\u00e8rent \u00e0 sa surface sans \u00eatre absorb\u00e9 par l\u2019organisme. En effet, compos\u00e9 de microparticules \u00e0 la surface poreuse, le charbon actif se pose sur l\u2019\u00e9mail et absorbe les substances qui t\u00e2chent les dents (th\u00e9, caf\u00e9, tabac) et lutte efficacement contre la mauvaise haleine gr\u00e2ce \u00e0 ses propri\u00e9t\u00e9s d\u00e9sodorisantes.;Le charbon peut provenir de diff\u00e9rents v\u00e9g\u00e9taux comme le bois, l\u2019\u00e9corce, les coques de noix de coco ou de cacahu\u00e8te etc.;Hello Siwak ! utilise le charbon de coques de noix de coco car il est vingt fois plus absorbant que les autres charbons. Ses pores sont plus fins ce qui permet d\u2019absorber encore plus efficacement les toxines de petites tailles. L\u2019emploi de coques de noix de coco \u00e0 aussi un b\u00e9n\u00e9fice \u00e9cologique car il n\u2019ab\u00eeme pas l\u2019arbre dont ils sont issues.;Utiliser le charbon actif fait partie des m\u00e9thodes de blanchiment les plus efficaces, les plus naturelles et les simples d\u2019utilisation.;Conseils d&rsquo;utilisation;- Trempez votre brosse \u00e0 dents humidifi\u00e9e dans la poudre, un peu suffit! Brosser pendant 2-3 minutes puis rincez avant de brosser \u00e0 nouveau avec de l&rsquo;eau pour enlever les quelques r\u00e9sidus restants. Rincer enfin une derni\u00e8re fois et resplendissez d&rsquo;un Sourire Radieux et \u00e9clatant de Blancheur!;- Donnez plus d&rsquo;efficacit\u00e9 \u00e0 votre dentifrice en le m\u00e9langeant \u00e0 un peu de cette poudre. Ou mariez-la aussi avec de l&rsquo;huile de Coco. Ces m\u00e9langes peuvent \u00e9galement \u00eatre utilis\u00e9s apr\u00e8s un brossage de dents habituel.;Ingr\u00e9dients;Charbon Actif de Noix de Coco;Argile de Bentonite;Huile de Menthe Poivr\u00e9e<\/p>\n","protected":false},"excerpt":{"rendered":"<p>Enfin les dents blanches !;Le charbon v\u00e9g\u00e9tal, \u00e9galement appel\u00e9 \u00ab charbon actif \u00bb ou \u00ab charbon activ\u00e9 \u00bb est une poudre noire issue de la carbonisation de mati\u00e8res organiques v\u00e9g\u00e9tales. Cette substance miracle est un absorbant naturel antibact\u00e9rien qui \u00e9limine toutes les toxines qui adh\u00e8rent \u00e0 sa surface sans \u00eatre absorb\u00e9 par l\u2019organisme. En effet, compos\u00e9 de microparticules \u00e0 la surface poreuse, le charbon actif se pose sur l\u2019\u00e9mail et absorbe les substances qui t\u00e2chent les dents (th\u00e9, caf\u00e9, tabac) et lutte efficacement contre la mauvaise haleine gr\u00e2ce \u00e0 ses propri\u00e9t\u00e9s d\u00e9sodorisantes.;Le charbon peut provenir de diff\u00e9rents v\u00e9g\u00e9taux comme le bois, l\u2019\u00e9corce, les coques de noix de coco ou de cacahu\u00e8te etc.;Hello Siwak ! utilise le charbon de coques de noix de coco car il est vingt fois plus absorbant que les autres charbons. Ses pores sont plus fins ce qui permet d\u2019absorber encore plus efficacement les toxines de petites tailles. L\u2019emploi de coques de noix de coco \u00e0 aussi un b\u00e9n\u00e9fice \u00e9cologique car il n\u2019ab\u00eeme pas l\u2019arbre dont ils sont issues.;Utiliser le charbon actif fait partie des m\u00e9thodes de blanchiment les plus efficaces, les plus naturelles et les simples d\u2019utilisation.;Conseils d&rsquo;utilisation;- Trempez votre brosse \u00e0 dents humidifi\u00e9e dans la poudre, un peu suffit! Brosser pendant 2-3 minutes puis rincez avant de brosser \u00e0 nouveau avec de l&rsquo;eau pour enlever les quelques r\u00e9sidus restants. Rincer enfin une derni\u00e8re fois et resplendissez d&rsquo;un Sourire Radieux et \u00e9clatant de Blancheur!;- Donnez plus d&rsquo;efficacit\u00e9 \u00e0 votre dentifrice en le m\u00e9langeant \u00e0 un peu de cette poudre. Ou mariez-la aussi avec de l&rsquo;huile de Coco. Ces m\u00e9langes peuvent \u00e9galement \u00eatre utilis\u00e9s apr\u00e8s un brossage de dents habituel.;Ingr\u00e9dients;Charbon Actif de Noix de Coco;Argile de Bentonite;Huile de Menthe Poivr\u00e9e<\/p>\n","protected":false},"featured_media":4688,"comment_status":"open","ping_status":"closed","template":"","meta":[],"product_brand":[],"product_cat":[80,1291],"product_tag":[],"class_list":{"0":"post-116","1":"product","2":"type-product","3":"status-publish","4":"has-post-thumbnail","6":"product_cat-alimentaire","7":"product_cat-produits-bio-alimentaire","8":"pa_annee-481","9":"pa_editeur-hellosiwak","11":"first","12":"outofstock","13":"shipping-taxable","14":"purchasable","15":"product-type-simple"},"_links":{"self":[{"href":"https:\/\/lamaktaba.fr\/index.php\/wp-json\/wp\/v2\/product\/116","targetHints":{"allow":["GET"]}}],"collection":[{"href":"https:\/\/lamaktaba.fr\/index.php\/wp-json\/wp\/v2\/product"}],"about":[{"href":"https:\/\/lamaktaba.fr\/index.php\/wp-json\/wp\/v2\/types\/product"}],"replies":[{"embeddable":true,"href":"https:\/\/lamaktaba.fr\/index.php\/wp-json\/wp\/v2\/comments?post=116"}],"wp:featuredmedia":[{"embeddable":true,"href":"https:\/\/lamaktaba.fr\/index.php\/wp-json\/wp\/v2\/media\/4688"}],"wp:attachment":[{"href":"https:\/\/lamaktaba.fr\/index.php\/wp-json\/wp\/v2\/media?parent=116"}],"wp:term":[{"taxonomy":"product_brand","embeddable":true,"href":"https:\/\/lamaktaba.fr\/index.php\/wp-json\/wp\/v2\/product_brand?post=116"},{"taxonomy":"product_cat","embeddable":true,"href":"https:\/\/lamaktaba.fr\/index.php\/wp-json\/wp\/v2\/product_cat?post=116"},{"taxonomy":"product_tag","embeddable":true,"href":"https:\/\/lamaktaba.fr\/index.php\/wp-json\/wp\/v2\/product_tag?post=116"}],"curies":[{"name":"wp","href":"https:\/\/api.w.org\/{rel}","templated":true}]}}