{"id":115,"date":"2020-02-03T10:00:00","date_gmt":"2020-02-03T09:00:00","guid":{"rendered":"https:\/\/lamaktaba.fr\/index.php\/produit\/apple-learning-holy-quran-machine-n-qt0856-pomme-mini-veilleuse-coranique-dapprentissage-du-coran-pour-enfant-muslim\/"},"modified":"2025-04-01T12:44:31","modified_gmt":"2025-04-01T10:44:31","slug":"apple-learning-holy-quran-machine-n-qt0856-pomme-mini-veilleuse-coranique-dapprentissage-du-coran-pour-enfant-muslim","status":"publish","type":"product","link":"https:\/\/lamaktaba.fr\/index.php\/produit\/apple-learning-holy-quran-machine-n-qt0856-pomme-mini-veilleuse-coranique-dapprentissage-du-coran-pour-enfant-muslim","title":{"rendered":"Apple learning Holy quran machine N\u00b0 QT0856, Pomme Mini veilleuse coranique d&rsquo;apprentissage du coran pour enfant Muslim"},"content":{"rendered":"<p>Veilleuse coranique Pomme: Un Jouet islamique pour enseigner le coran \u00e0 votre enfant muslim<br \/>&#8211; Un jeu \u00e9ducatif tr\u00e9s ludique d&rsquo;apprentissage du saint coran \u00e0 offrir \u00e0 votre enfant musulman (ag\u00e9 de   3 ans). Petit, sous forme de pomme, et riche d&rsquo;informations: 26 versets du coran, 26 invocations quotidiennes (du&rsquo;a), 6 chansons pour enfant (Anashid), apprentissage de la pri\u00e8re de fajr, avec projection de lumi\u00e8re<br \/>&#8211; Mini veilleuse coranique qui permet \u00e0 votre enfant de s&rsquo;endormir en toute tranquillit\u00e9 sur le son du coran<br \/>Il contient 5 boutons: 1 pour \u00e9couter du&rsquo;aa, 2 pour \u00e9couter le saint coran, 3 pour ecouter dou&rsquo;aa de la pri\u00e8re, 4 pour \u00e9couter Anashid, 5 pour la projection de la lumi\u00e8re.<br \/>&#8211; Cordon de suspension en bandouli\u00e8re bleu (Fourni) pour attacher la veilleuse<br \/>Saint coran: 26 versets<br \/>Verset At-Tarek, Al Balad, Al Chams, Al-layl, Ad-doha, Ash-sharh, At-tin, Al &lsquo;alak, Al kadr, Al Bayinah,Az-zalzalah, Al &lsquo;adiyat, Al kari&rsquo;a, Al Takathor, Al &lsquo;Asr, Al- Humazah, Al-Fil, Quraish, Al Ma&rsquo;oun, Al Kauthar, Al Kafiroun, An-Nasr, Al-Massad, Al-Ikhlas, Al Falaq, An-Nas<br \/>Invocations quotidiennes (Du&rsquo;a)<br \/>Du&rsquo;aa lorsqu&rsquo;on se r\u00e9veille, Duaa avant d&rsquo;entrer aux toilettes, dou&rsquo;a sortie des toilettes, invocation apr\u00e8s les ablutions, les invocations du matin, doua pour manger, doua apr\u00e8s Al adhan, dou&rsquo;a pour s&rsquo;habiller, invocation pour sortir de la maison, invocation pour entrer \u00e0 la mosqu\u00e9e, invocation pour sortir de la mosqu\u00e9e,invocation en empruntant un moyen de transport, la salutation en islam, doua quand on visite un malade, invocation de l&rsquo;\u00e9ternuement, invocation \u00e0 dire \u00e0 la fin de chaque discussion entretenue (Kafarat al majliss), dou&rsquo;a quand il pleut, doua quand on voit la lune, invocation lors de la visite des tombes, invocation quand on rencontre quelqu&rsquo;un qui a des soucis ou atteint par un malheur, doua pour remercier une personne, dou&rsquo;a lorsqu&rsquo;on entend le chant du coq, dou&rsquo;a lorsqu&rsquo;on entend la voix du chien ou de l\u2019\u00e2ne, invocation en entrant \u00e0 la maison, les invocations du soir, dou&rsquo;a \u00e0 dire avant de dormir<br \/>Les \u00e9vocations de la pri\u00e8re (Adhkar As salat)<br \/>Kalima Tayiba, Chahadatan, Adan (Appel \u00e0 la pri\u00e8re), Salat Fajr<br \/>Anashid Atfal (chants pour enfants)<br \/>Chokr al walidayn, ohib Allah wa ohib ar rassoul, Ramadan Ata, Tala&rsquo;a al badr, Kalima tayiba, al horof al abajadiya<br \/>Projection de lumi\u00e8re<br \/>Lumi\u00e8re, couleurs disponibles: bleu, rouge, vert et multicouleurs<br \/>Batterie<br \/>Le jouet n\u00e9cessite 3 piles non rechargeables VLR6 (AAA)31.5 (Non fournies avec le produit vendu)<br \/>NB. Produit conforme aux standards internationaux<br \/>Fabriqu\u00e9 en chine<br \/>Ne pas laisser \u00e0 la port\u00e9e des enfants de moins de 3 ans<\/p>\n","protected":false},"excerpt":{"rendered":"<p>Veilleuse coranique Pomme: Un Jouet islamique pour enseigner le coran \u00e0 votre enfant muslim&#8211; Un jeu \u00e9ducatif tr\u00e9s ludique d&rsquo;apprentissage du saint coran \u00e0 offrir \u00e0 votre enfant musulman (ag\u00e9 de 3 ans). Petit, sous forme de pomme, et riche d&rsquo;informations: 26 versets du coran, 26 invocations quotidiennes (du&rsquo;a), 6 chansons pour enfant (Anashid), apprentissage [&hellip;]<\/p>\n","protected":false},"featured_media":4686,"comment_status":"open","ping_status":"closed","template":"","meta":[],"product_brand":[],"product_cat":[125],"product_tag":[],"class_list":{"0":"post-115","1":"product","2":"type-product","3":"status-publish","4":"has-post-thumbnail","6":"product_cat-electronique-electronique","7":"pa_editeur-dar-ibn-hazm----dar-almanara","9":"first","10":"outofstock","11":"shipping-taxable","12":"purchasable","13":"product-type-simple"},"_links":{"self":[{"href":"https:\/\/lamaktaba.fr\/index.php\/wp-json\/wp\/v2\/product\/115","targetHints":{"allow":["GET"]}}],"collection":[{"href":"https:\/\/lamaktaba.fr\/index.php\/wp-json\/wp\/v2\/product"}],"about":[{"href":"https:\/\/lamaktaba.fr\/index.php\/wp-json\/wp\/v2\/types\/product"}],"replies":[{"embeddable":true,"href":"https:\/\/lamaktaba.fr\/index.php\/wp-json\/wp\/v2\/comments?post=115"}],"wp:featuredmedia":[{"embeddable":true,"href":"https:\/\/lamaktaba.fr\/index.php\/wp-json\/wp\/v2\/media\/4686"}],"wp:attachment":[{"href":"https:\/\/lamaktaba.fr\/index.php\/wp-json\/wp\/v2\/media?parent=115"}],"wp:term":[{"taxonomy":"product_brand","embeddable":true,"href":"https:\/\/lamaktaba.fr\/index.php\/wp-json\/wp\/v2\/product_brand?post=115"},{"taxonomy":"product_cat","embeddable":true,"href":"https:\/\/lamaktaba.fr\/index.php\/wp-json\/wp\/v2\/product_cat?post=115"},{"taxonomy":"product_tag","embeddable":true,"href":"https:\/\/lamaktaba.fr\/index.php\/wp-json\/wp\/v2\/product_tag?post=115"}],"curies":[{"name":"wp","href":"https:\/\/api.w.org\/{rel}","templated":true}]}}