{"id":114,"date":"2020-03-02T10:00:00","date_gmt":"2020-03-02T09:00:00","guid":{"rendered":"https:\/\/lamaktaba.fr\/index.php\/produit\/les-causes-du-bonheur-familial-cheikh-sulayman-ar-ruhayli\/"},"modified":"2025-04-01T12:44:34","modified_gmt":"2025-04-01T10:44:34","slug":"les-causes-du-bonheur-familial-cheikh-sulayman-ar-ruhayli","status":"publish","type":"product","link":"https:\/\/lamaktaba.fr\/index.php\/produit\/les-causes-du-bonheur-familial-cheikh-sulayman-ar-ruhayli","title":{"rendered":"Les Causes du Bonheur Familial, de Cheikh S\u00fblaym\u00e2n Ar-R\u00fbhayli"},"content":{"rendered":"<p>Les Causes du Bonheur Familial, de Cheikh S\u00fblaym\u00e2n Ar-R\u00fbhayli;Il est indispensable de savoir que lorsqu\u2019on parle du bonheur familial, cela ne signifie pas pour autant que la famille soit exempte de tout probl\u00e8me. En effet, la nature m\u00eame de la vie soci\u00e9tale implique qu\u2019il y ait parfois des difficult\u00e9s et qu\u2019il y ait des probl\u00e8mes entre les gens. Mais ce que je veux dire est qu\u2019a la base, la famille doit vivre dans le bonheur et la s\u00e9r\u00e9nit\u00e9.;Cette famille doit \u00eatre capable de faire face aux probl\u00e8mes de la vie et d\u2019agir de sorte que cela ne trouble pas, outre mesure, son bien-\u00eatre et sa tranquillit\u00e9. J\u2019insinue par l\u00e0, que le bonheur plane au-dessus de la famille. Ainsi, lorsque le p\u00e8re entre \u00e0 la maison, le bonheur doit illuminer toute la maison. Et quand il sort, toute la famille attend son retour. J\u2019insinue par l\u00e0 que le mari doit se sentir apais\u00e9 par l\u2019accueil de son \u00e9pouse et celle-ci par la pr\u00e9sence de son \u00e9poux. Et que les enfants se sentent apais\u00e9s par la pr\u00e9sence de leurs parents et que ces derniers trouvent du plaisir \u00e0 voir leur prog\u00e9niture. Et qu\u2019il y ait de la tendresse et de la bienveillance au sein du foyer.;Il est bien connu que la famille est compos\u00e9 d\u2019ascendants et de descendants. L\u2019ascendance est compos\u00e9e par le couple, et ses ramifications sont le fruit du mariage: les enfants, gar\u00e7ons et filles. Il est bien connu que si le couple est heureux, ce bonheur se r\u00e9percute sur les enfants.<\/p>\n","protected":false},"excerpt":{"rendered":"<p>Les Causes du Bonheur Familial, de Cheikh S\u00fblaym\u00e2n Ar-R\u00fbhayli;Il est indispensable de savoir que lorsqu\u2019on parle du bonheur familial, cela ne signifie pas pour autant que la famille soit exempte de tout probl\u00e8me. En effet, la nature m\u00eame de la vie soci\u00e9tale implique qu\u2019il y ait parfois des difficult\u00e9s et qu\u2019il y ait des probl\u00e8mes entre les gens. Mais ce que je veux dire est qu\u2019a la base, la famille doit vivre dans le bonheur et la s\u00e9r\u00e9nit\u00e9.;Cette famille doit \u00eatre capable de faire face aux probl\u00e8mes de la vie et d\u2019agir de sorte que cela ne trouble pas, outre mesure, son bien-\u00eatre et sa tranquillit\u00e9. J\u2019insinue par l\u00e0, que le bonheur plane au-dessus de la famille. Ainsi, lorsque le p\u00e8re entre \u00e0 la maison, le bonheur doit illuminer toute la maison. Et quand il sort, toute la famille attend son retour. J\u2019insinue par l\u00e0 que le mari doit se sentir apais\u00e9 par l\u2019accueil de son \u00e9pouse et celle-ci par la pr\u00e9sence de son \u00e9poux. Et que les enfants se sentent apais\u00e9s par la pr\u00e9sence de leurs parents et que ces derniers trouvent du plaisir \u00e0 voir leur prog\u00e9niture. Et qu\u2019il y ait de la tendresse et de la bienveillance au sein du foyer.;Il est bien connu que la famille est compos\u00e9 d\u2019ascendants et de descendants. L\u2019ascendance est compos\u00e9e par le couple, et ses ramifications sont le fruit du mariage: les enfants, gar\u00e7ons et filles. Il est bien connu que si le couple est heureux, ce bonheur se r\u00e9percute sur les enfants.<\/p>\n","protected":false},"featured_media":37345,"comment_status":"open","ping_status":"closed","template":"","meta":[],"product_brand":[],"product_cat":[1920],"product_tag":[],"class_list":{"0":"post-114","1":"product","2":"type-product","3":"status-publish","4":"has-post-thumbnail","6":"product_cat-mariage-et-famille","7":"pa_annee-487","8":"pa_auteur-cheikh-sulayman-ar-ruhayli","9":"pa_editeur-ibn-badis-editions","10":"pa_format-14-x-21-cm","11":"pa_nombre-de-pages-599","12":"pa_reliure-souple","14":"first","15":"instock","16":"shipping-taxable","17":"purchasable","18":"product-type-simple"},"_links":{"self":[{"href":"https:\/\/lamaktaba.fr\/index.php\/wp-json\/wp\/v2\/product\/114","targetHints":{"allow":["GET"]}}],"collection":[{"href":"https:\/\/lamaktaba.fr\/index.php\/wp-json\/wp\/v2\/product"}],"about":[{"href":"https:\/\/lamaktaba.fr\/index.php\/wp-json\/wp\/v2\/types\/product"}],"replies":[{"embeddable":true,"href":"https:\/\/lamaktaba.fr\/index.php\/wp-json\/wp\/v2\/comments?post=114"}],"wp:featuredmedia":[{"embeddable":true,"href":"https:\/\/lamaktaba.fr\/index.php\/wp-json\/wp\/v2\/media\/37345"}],"wp:attachment":[{"href":"https:\/\/lamaktaba.fr\/index.php\/wp-json\/wp\/v2\/media?parent=114"}],"wp:term":[{"taxonomy":"product_brand","embeddable":true,"href":"https:\/\/lamaktaba.fr\/index.php\/wp-json\/wp\/v2\/product_brand?post=114"},{"taxonomy":"product_cat","embeddable":true,"href":"https:\/\/lamaktaba.fr\/index.php\/wp-json\/wp\/v2\/product_cat?post=114"},{"taxonomy":"product_tag","embeddable":true,"href":"https:\/\/lamaktaba.fr\/index.php\/wp-json\/wp\/v2\/product_tag?post=114"}],"curies":[{"name":"wp","href":"https:\/\/api.w.org\/{rel}","templated":true}]}}