{"id":113,"date":"2020-03-02T10:00:00","date_gmt":"2020-03-02T09:00:00","guid":{"rendered":"https:\/\/lamaktaba.fr\/index.php\/produit\/mouslim-quizz-pocket-quizz-sur-lislam-francais-arabe-vocalise\/"},"modified":"2025-04-01T12:45:38","modified_gmt":"2025-04-01T10:45:38","slug":"mouslim-quizz-pocket-quizz-sur-lislam-francais-arabe-vocalise","status":"publish","type":"product","link":"https:\/\/lamaktaba.fr\/index.php\/produit\/mouslim-quizz-pocket-quizz-sur-lislam-francais-arabe-vocalise","title":{"rendered":"Le livre du Tawhid (L&rsquo;unicit\u00e9 divine), de Mohammed Ibn &lsquo;Abd Al Wahab (Format de Poche)"},"content":{"rendered":"<p>Le livre de Tawhid (L&rsquo;unicit\u00e9 divine), de Muhammad Ibn Abd Al Wahh\u00e2b (Format de Poche),Titre original en Arabe: \u0643\u062a\u0627\u0628 \u0627\u0644\u062a\u0648\u062d\u064a\u062f \u0627\u0644\u0630\u064a \u0647\u0648 \u062d\u0642 \u0627\u0644\u0644\u0647 \u0639\u0644\u0649 \u0627\u0644\u0639\u0628\u064a\u062f;Livre indispensable sur le Tawhid de Shaykh Al islam, le revivificateur de l&rsquo;appel de Tawhid, Muhammad Ibn &lsquo;Abd Al Wahh\u00e2b \u2013 Qu&rsquo;Allah lui fasse mis\u00e9ricorde.;At-Tawhid, la croyance en l&rsquo;Unit\u00e9 d&rsquo;Allah, est au c\u0153ur de la foi musulmane. Sans le tawhid, nos actions et nos actes d&rsquo;adoration seraient sans effets. Ce livre cite, en se r\u00e9f\u00e9rant au Coran, toutes les conditions n\u00e9cessaires pour parvenir \u00e0 la r\u00e9alisation du Tawh\u00eed et ne reconna\u00eetre d\u2019autre divinit\u00e9 qu\u2019Allah;Marque IBN BADIS Editions R\u00e9f\u00e9rence 9791091925273;Fiche technique AUTEUR: &#8211; Cheikh Muhammad Ibn Abd Al Wahh\u00e2b LANGUE: &#8211; Fran\u00e7ais (Les versets du Coran sont en Fran\u00e7ais et en Arabe) ANNEE: &#8211; 2019 SUPPORT: &#8211; Livre THEME: &#8211; Piliers de la Foi \u00c9DITIONS: &#8211; Ibn Badis Condition: &#8211; Neuf Nombre de Pages: &#8211; 232 FORMAT (CM): 12.5 x 17.5 cm EAN13: &#8211; 9791091925273 RELIURE: &#8211; Cartonn\u00e9e;R\u00e9f\u00e9rences sp\u00e9cifiques;Donnez votre avis;Aucun commentaire pour le moment<\/p>\n","protected":false},"excerpt":{"rendered":"<p>Le livre de Tawhid (L&rsquo;unicit\u00e9 divine), de Muhammad Ibn Abd Al Wahh\u00e2b (Format de Poche),Titre original en Arabe: \u0643\u062a\u0627\u0628 \u0627\u0644\u062a\u0648\u062d\u064a\u062f \u0627\u0644\u0630\u064a \u0647\u0648 \u062d\u0642 \u0627\u0644\u0644\u0647 \u0639\u0644\u0649 \u0627\u0644\u0639\u0628\u064a\u062f;Livre indispensable sur le Tawhid de Shaykh Al islam, le revivificateur de l&rsquo;appel de Tawhid, Muhammad Ibn &lsquo;Abd Al Wahh\u00e2b \u2013 Qu&rsquo;Allah lui fasse mis\u00e9ricorde.;At-Tawhid, la croyance en l&rsquo;Unit\u00e9 d&rsquo;Allah, est au c\u0153ur de la foi musulmane. Sans le tawhid, nos actions et nos actes d&rsquo;adoration seraient sans effets. Ce livre cite, en se r\u00e9f\u00e9rant au Coran, toutes les conditions n\u00e9cessaires pour parvenir \u00e0 la r\u00e9alisation du Tawh\u00eed et ne reconna\u00eetre d\u2019autre divinit\u00e9 qu\u2019Allah;Marque IBN BADIS Editions R\u00e9f\u00e9rence 9791091925273;Fiche technique AUTEUR: &#8211; Cheikh Muhammad Ibn Abd Al Wahh\u00e2b LANGUE: &#8211; Fran\u00e7ais (Les versets du Coran sont en Fran\u00e7ais et en Arabe) ANNEE: &#8211; 2019 SUPPORT: &#8211; Livre THEME: &#8211; Piliers de la Foi \u00c9DITIONS: &#8211; Ibn Badis Condition: &#8211; Neuf Nombre de Pages: &#8211; 232 FORMAT (CM): 12.5 x 17.5 cm EAN13: &#8211; 9791091925273 RELIURE: &#8211; Cartonn\u00e9e;R\u00e9f\u00e9rences sp\u00e9cifiques;Donnez votre avis;Aucun commentaire pour le moment<\/p>\n","protected":false},"featured_media":36935,"comment_status":"open","ping_status":"closed","template":"","meta":[],"product_brand":[],"product_cat":[15],"product_tag":[],"class_list":{"0":"post-113","1":"product","2":"type-product","3":"status-publish","4":"has-post-thumbnail","6":"product_cat-non-classe","7":"pa_annee-481","8":"pa_auteur-cheikh-muhammad-ibn-abd-al-wahhab","9":"pa_editeur-ibn-badis-editions","10":"pa_format-12-5-x-17-5-cm","11":"pa_langue-francais-les-versets-du-coran-sont-en-francais-et-en-arabe","12":"pa_nombre-de-pages-527","13":"pa_reliure-cartonnee","15":"first","16":"outofstock","17":"shipping-taxable","18":"purchasable","19":"product-type-simple"},"_links":{"self":[{"href":"https:\/\/lamaktaba.fr\/index.php\/wp-json\/wp\/v2\/product\/113","targetHints":{"allow":["GET"]}}],"collection":[{"href":"https:\/\/lamaktaba.fr\/index.php\/wp-json\/wp\/v2\/product"}],"about":[{"href":"https:\/\/lamaktaba.fr\/index.php\/wp-json\/wp\/v2\/types\/product"}],"replies":[{"embeddable":true,"href":"https:\/\/lamaktaba.fr\/index.php\/wp-json\/wp\/v2\/comments?post=113"}],"wp:featuredmedia":[{"embeddable":true,"href":"https:\/\/lamaktaba.fr\/index.php\/wp-json\/wp\/v2\/media\/36935"}],"wp:attachment":[{"href":"https:\/\/lamaktaba.fr\/index.php\/wp-json\/wp\/v2\/media?parent=113"}],"wp:term":[{"taxonomy":"product_brand","embeddable":true,"href":"https:\/\/lamaktaba.fr\/index.php\/wp-json\/wp\/v2\/product_brand?post=113"},{"taxonomy":"product_cat","embeddable":true,"href":"https:\/\/lamaktaba.fr\/index.php\/wp-json\/wp\/v2\/product_cat?post=113"},{"taxonomy":"product_tag","embeddable":true,"href":"https:\/\/lamaktaba.fr\/index.php\/wp-json\/wp\/v2\/product_tag?post=113"}],"curies":[{"name":"wp","href":"https:\/\/api.w.org\/{rel}","templated":true}]}}