{"id":112,"date":"2020-03-02T10:00:00","date_gmt":"2020-03-02T09:00:00","guid":{"rendered":"https:\/\/lamaktaba.fr\/index.php\/produit\/54-questions-sur-les-jugements-au-nouveau-ne-accompagne-de-la-patience-et-la-gratitude-durant-lepreuve-%d8%a7%d8%b1%d8%a8%d8%b9%d9%88%d9%86-%d8%b3%d8%a4%d8%a7%d9%84%d8%a7-%d9%81%d9%8a-%d8%a7\/"},"modified":"2025-04-01T12:46:14","modified_gmt":"2025-04-01T10:46:14","slug":"54-questions-sur-les-jugements-au-nouveau-ne-accompagne-de-la-patience-et-la-gratitude-durant-lepreuve-d8a7d8b1d8a8d8b9d988d986-d8b3d8a4d8a7d984d8a7-d981d98a-d8a7","status":"publish","type":"product","link":"https:\/\/lamaktaba.fr\/index.php\/produit\/54-questions-sur-les-jugements-au-nouveau-ne-accompagne-de-la-patience-et-la-gratitude-durant-lepreuve-d8a7d8b1d8a8d8b9d988d986-d8b3d8a4d8a7d984d8a7-d981d98a-d8a7","title":{"rendered":"54 questions sur les jugements du nouveau-n\u00e9 accompagn\u00e9 de la patience et la gratitude durant l&rsquo;\u00e9preuve, par Mohamed Ali Ferkous"},"content":{"rendered":"<p>54 questions sur les jugements du nouveau-n\u00e9 accompagn\u00e9 de la patience et la gratitude durant l&rsquo;\u00e9preuve, par le Cheikh Mohamed Ali Ferkous (Professeur \u00e0 la facult\u00e9 des sciences islamiques Universit\u00e9 d&rsquo;Alger (I);Titre original en arabe: \u0664\u0665 \u0633\u0624\u0627\u0644\u0627 \u0641\u064a \u0627\u062d\u0643\u0627\u0645 \u0627\u0644\u0645\u0648\u0644\u0648\u062f \u0648\u0645\u0639\u0647 \u0627\u0644\u062a\u0630\u0643\u0631\u0629 \u0627\u0644\u062c\u0644\u064a\u0629 \u0641\u064a \u0627\u0644\u062a\u062d\u0644\u064a \u0628\u0627\u0644\u0635\u0628\u0631 \u0639\u0646\u062f \u0627\u0644\u0628\u0644\u064a\u0629;Le croyant pieux sait bien que le bonheur et le malheur sont deux moyens conduisant \u00e0 deux sortes d&rsquo;adoration que sont l&rsquo;endurance et la gratitude. S&rsquo;il est touch\u00e9 par un bonheur, il remercie le Donateur des biens, et s&rsquo;il lui reprend ce qu&rsquo;il lui a donn\u00e9, il endure sans d\u00e9sarroi ni inqui\u00e9tude, c&rsquo;est une consignation restitu\u00e9e par son Propri\u00e9taire.<\/p>\n","protected":false},"excerpt":{"rendered":"<p>54 questions sur les jugements du nouveau-n\u00e9 accompagn\u00e9 de la patience et la gratitude durant l&rsquo;\u00e9preuve, par le Cheikh Mohamed Ali Ferkous (Professeur \u00e0 la facult\u00e9 des sciences islamiques Universit\u00e9 d&rsquo;Alger (I);Titre original en arabe: \u0664\u0665 \u0633\u0624\u0627\u0644\u0627 \u0641\u064a \u0627\u062d\u0643\u0627\u0645 \u0627\u0644\u0645\u0648\u0644\u0648\u062f \u0648\u0645\u0639\u0647 \u0627\u0644\u062a\u0630\u0643\u0631\u0629 \u0627\u0644\u062c\u0644\u064a\u0629 \u0641\u064a \u0627\u0644\u062a\u062d\u0644\u064a \u0628\u0627\u0644\u0635\u0628\u0631 \u0639\u0646\u062f \u0627\u0644\u0628\u0644\u064a\u0629;Le croyant pieux sait bien que le bonheur et le malheur sont deux moyens conduisant \u00e0 deux sortes d&rsquo;adoration que sont l&rsquo;endurance et la gratitude. S&rsquo;il est touch\u00e9 par un bonheur, il remercie le Donateur des biens, et s&rsquo;il lui reprend ce qu&rsquo;il lui a donn\u00e9, il endure sans d\u00e9sarroi ni inqui\u00e9tude, c&rsquo;est une consignation restitu\u00e9e par son Propri\u00e9taire.<\/p>\n","protected":false},"featured_media":37241,"comment_status":"open","ping_status":"closed","template":"","meta":[],"product_brand":[],"product_cat":[1910,1909,1920],"product_tag":[],"class_list":{"0":"post-112","1":"product","2":"type-product","3":"status-publish","4":"has-post-thumbnail","6":"product_cat-education","7":"product_cat-enfants","8":"product_cat-mariage-et-famille","9":"pa_annee-419","10":"pa_auteur-cheikh-mohamed-ali-ferkous","11":"pa_editeur-ibn-badis-editions","12":"pa_format-14-5-x-21-5-cm","13":"pa_langue-francais","14":"pa_nombre-de-pages-810","15":"pa_reliure-souple","17":"first","18":"instock","19":"shipping-taxable","20":"purchasable","21":"product-type-simple"},"_links":{"self":[{"href":"https:\/\/lamaktaba.fr\/index.php\/wp-json\/wp\/v2\/product\/112","targetHints":{"allow":["GET"]}}],"collection":[{"href":"https:\/\/lamaktaba.fr\/index.php\/wp-json\/wp\/v2\/product"}],"about":[{"href":"https:\/\/lamaktaba.fr\/index.php\/wp-json\/wp\/v2\/types\/product"}],"replies":[{"embeddable":true,"href":"https:\/\/lamaktaba.fr\/index.php\/wp-json\/wp\/v2\/comments?post=112"}],"wp:featuredmedia":[{"embeddable":true,"href":"https:\/\/lamaktaba.fr\/index.php\/wp-json\/wp\/v2\/media\/37241"}],"wp:attachment":[{"href":"https:\/\/lamaktaba.fr\/index.php\/wp-json\/wp\/v2\/media?parent=112"}],"wp:term":[{"taxonomy":"product_brand","embeddable":true,"href":"https:\/\/lamaktaba.fr\/index.php\/wp-json\/wp\/v2\/product_brand?post=112"},{"taxonomy":"product_cat","embeddable":true,"href":"https:\/\/lamaktaba.fr\/index.php\/wp-json\/wp\/v2\/product_cat?post=112"},{"taxonomy":"product_tag","embeddable":true,"href":"https:\/\/lamaktaba.fr\/index.php\/wp-json\/wp\/v2\/product_tag?post=112"}],"curies":[{"name":"wp","href":"https:\/\/api.w.org\/{rel}","templated":true}]}}