{"id":110,"date":"2020-03-02T10:00:00","date_gmt":"2020-03-02T09:00:00","guid":{"rendered":"https:\/\/lamaktaba.fr\/index.php\/produit\/ils-se-marierent-et-eurent-beaucoup-de-surprises-hamid-et-halima-tome2-myriam-lakhdar-bounamcha\/"},"modified":"2025-04-01T12:45:38","modified_gmt":"2025-04-01T10:45:38","slug":"ils-se-marierent-et-eurent-beaucoup-de-surprises-hamid-et-halima-tome2-myriam-lakhdar-bounamcha","status":"publish","type":"product","link":"https:\/\/lamaktaba.fr\/index.php\/produit\/ils-se-marierent-et-eurent-beaucoup-de-surprises-hamid-et-halima-tome2-myriam-lakhdar-bounamcha","title":{"rendered":"Ils se mari\u00e8rent et eurent beaucoup de \u2026 surprises (Hamid et Halima &#8211; Tome2) &#8211; Myriam Lakhdar Bounamcha"},"content":{"rendered":"<p>Un jour mon prince viendra, un jour il me dira\u2026 Halima, qu&rsquo;as-tu mis dans les p\u00e2tes? Elles ont un dr\u00f4le de go\u00fbt!<br \/>En enjolivant le r\u00e9el, l&rsquo;id\u00e9alisation nous sauve de la routine de notre quotidien. Mais elle nous expose aussi in\u00e9vitablement \u00e0 la d\u00e9ception, \u00e0 la frustration et au d\u00e9senchantement.<br \/>Un ouvrage tonique et r\u00e9confortant, qui apprend \u00e0 \u00ab\u00a0former une vie de couple harmonieuse\u00a0\u00bb. Voici l\u00e0 la possibilit\u00e9 de concr\u00e9tiser le r\u00eave de beaucoup de terriens, et non pas uniquement celui de Hamid et Halima !<br \/>Myriam Lakhdra-Bounamcha habite la r\u00e9gion parisienne. Mari\u00e9e depuis dix ans, elle est la maman de deux enfants. Conseill\u00e8re conjugale de formation, elle est dipl\u00f4m\u00e9e d&rsquo;\u00e9tat au C.E.R.F.P.A de Saint-Laurent-du-Var et dipl\u00f4m\u00e9e en Sociologie Anthropologie \u00e0 l&rsquo;universit\u00e9 de Paris VIII. Sp\u00e9cialis\u00e9e dans la famille et les probl\u00e8mes des jeunes en banlieue, elle a \u00e9galement \u00e9tudi\u00e9 les sciences religieuses, \u00e0 l&rsquo;universit\u00e9 des Sciences Islamiques de Fran\u00e7ois-Bonvin (Paris XV). A 18 ans, elle cr\u00e9e sa premi\u00e8re association, J.M.S.F (Jeunes Musulmanes Sportives de France) et, depuis, elle continue de s&rsquo;investir dans diff\u00e9rents projets, en assurant notamment des cours d&rsquo;\u00e9ducation religieuse.<br \/>En 2006, elle met en place, avec Mme El Mestari, l&rsquo;association R\u00eavethon, qui s&rsquo;est fix\u00e9e pour but de r\u00e9aliser les r\u00eaves des enfants malades. Ayant particip\u00e9 aux ateliers \u00ab\u00a0Mars et V\u00e9nus\u00a0\u00bb de John Gray, organis\u00e9s par Paul Dewandre en France, elle organise \u00e0 son tour, depuis 2007, des s\u00e9minaires de formation et des d\u00eeners-conf\u00e9rences sur la question du couple en Islam.<\/p>\n","protected":false},"excerpt":{"rendered":"<p>Un jour mon prince viendra, un jour il me dira\u2026 Halima, qu&rsquo;as-tu mis dans les p\u00e2tes? Elles ont un dr\u00f4le de go\u00fbt!En enjolivant le r\u00e9el, l&rsquo;id\u00e9alisation nous sauve de la routine de notre quotidien. Mais elle nous expose aussi in\u00e9vitablement \u00e0 la d\u00e9ception, \u00e0 la frustration et au d\u00e9senchantement.Un ouvrage tonique et r\u00e9confortant, qui apprend [&hellip;]<\/p>\n","protected":false},"featured_media":4663,"comment_status":"open","ping_status":"closed","template":"","meta":[],"product_brand":[],"product_cat":[15],"product_tag":[],"class_list":{"0":"post-110","1":"product","2":"type-product","3":"status-publish","4":"has-post-thumbnail","6":"product_cat-non-classe","7":"pa_editeur-dar-al-kotob-al-ilmiyah-dki---","9":"first","10":"outofstock","11":"shipping-taxable","12":"purchasable","13":"product-type-simple"},"_links":{"self":[{"href":"https:\/\/lamaktaba.fr\/index.php\/wp-json\/wp\/v2\/product\/110","targetHints":{"allow":["GET"]}}],"collection":[{"href":"https:\/\/lamaktaba.fr\/index.php\/wp-json\/wp\/v2\/product"}],"about":[{"href":"https:\/\/lamaktaba.fr\/index.php\/wp-json\/wp\/v2\/types\/product"}],"replies":[{"embeddable":true,"href":"https:\/\/lamaktaba.fr\/index.php\/wp-json\/wp\/v2\/comments?post=110"}],"wp:featuredmedia":[{"embeddable":true,"href":"https:\/\/lamaktaba.fr\/index.php\/wp-json\/wp\/v2\/media\/4663"}],"wp:attachment":[{"href":"https:\/\/lamaktaba.fr\/index.php\/wp-json\/wp\/v2\/media?parent=110"}],"wp:term":[{"taxonomy":"product_brand","embeddable":true,"href":"https:\/\/lamaktaba.fr\/index.php\/wp-json\/wp\/v2\/product_brand?post=110"},{"taxonomy":"product_cat","embeddable":true,"href":"https:\/\/lamaktaba.fr\/index.php\/wp-json\/wp\/v2\/product_cat?post=110"},{"taxonomy":"product_tag","embeddable":true,"href":"https:\/\/lamaktaba.fr\/index.php\/wp-json\/wp\/v2\/product_tag?post=110"}],"curies":[{"name":"wp","href":"https:\/\/api.w.org\/{rel}","templated":true}]}}