{"id":105,"date":"2020-03-02T10:00:00","date_gmt":"2020-03-02T09:00:00","guid":{"rendered":"https:\/\/lamaktaba.fr\/index.php\/produit\/fatawa-relatives-a-lenfant-musulman-ibn-baz-ibn-othaimine-ibn-jibrine-al-fawzan\/"},"modified":"2025-04-01T12:44:45","modified_gmt":"2025-04-01T10:44:45","slug":"fatawa-relatives-a-lenfant-musulman-ibn-baz-ibn-othaimine-ibn-jibrine-al-fawzan","status":"publish","type":"product","link":"https:\/\/lamaktaba.fr\/index.php\/produit\/fatawa-relatives-a-lenfant-musulman-ibn-baz-ibn-othaimine-ibn-jibrine-al-fawzan","title":{"rendered":"Fatawa relatives \u00e0 l&rsquo;enfant musulman &#8211; Ibn Baz, Ibn Othaimine, Ibn JIbrine, Al Fawzan&#8230;"},"content":{"rendered":"<p>Sujets trait\u00e9s: la croyance, l&rsquo;attribution du nom \u00e0 l&rsquo;enfant, l&rsquo;aqiqa, la<br \/>purification, la pri\u00e8re, la zakat et les biens de l&rsquo;orphelin, le je\u00fbne, le p\u00e8lerinage<br \/>l&rsquo;allaitement, les d\u00e9lits, l&rsquo;\u00e9duaction, l&rsquo;enseignement, l&rsquo;habillement, les<br \/>jouets&#8230;<\/p>\n","protected":false},"excerpt":{"rendered":"<p>Sujets trait\u00e9s: la croyance, l&rsquo;attribution du nom \u00e0 l&rsquo;enfant, l&rsquo;aqiqa, lapurification, la pri\u00e8re, la zakat et les biens de l&rsquo;orphelin, le je\u00fbne, le p\u00e8lerinagel&rsquo;allaitement, les d\u00e9lits, l&rsquo;\u00e9duaction, l&rsquo;enseignement, l&rsquo;habillement, lesjouets&#8230;<\/p>\n","protected":false},"featured_media":4650,"comment_status":"open","ping_status":"closed","template":"","meta":[],"product_brand":[],"product_cat":[1910,1925],"product_tag":[],"class_list":{"0":"post-105","1":"product","2":"type-product","3":"status-publish","4":"has-post-thumbnail","6":"product_cat-education","7":"product_cat-education-des-enfants","8":"pa_editeur-bdouin-editions","10":"first","11":"outofstock","12":"shipping-taxable","13":"purchasable","14":"product-type-simple"},"_links":{"self":[{"href":"https:\/\/lamaktaba.fr\/index.php\/wp-json\/wp\/v2\/product\/105","targetHints":{"allow":["GET"]}}],"collection":[{"href":"https:\/\/lamaktaba.fr\/index.php\/wp-json\/wp\/v2\/product"}],"about":[{"href":"https:\/\/lamaktaba.fr\/index.php\/wp-json\/wp\/v2\/types\/product"}],"replies":[{"embeddable":true,"href":"https:\/\/lamaktaba.fr\/index.php\/wp-json\/wp\/v2\/comments?post=105"}],"wp:featuredmedia":[{"embeddable":true,"href":"https:\/\/lamaktaba.fr\/index.php\/wp-json\/wp\/v2\/media\/4650"}],"wp:attachment":[{"href":"https:\/\/lamaktaba.fr\/index.php\/wp-json\/wp\/v2\/media?parent=105"}],"wp:term":[{"taxonomy":"product_brand","embeddable":true,"href":"https:\/\/lamaktaba.fr\/index.php\/wp-json\/wp\/v2\/product_brand?post=105"},{"taxonomy":"product_cat","embeddable":true,"href":"https:\/\/lamaktaba.fr\/index.php\/wp-json\/wp\/v2\/product_cat?post=105"},{"taxonomy":"product_tag","embeddable":true,"href":"https:\/\/lamaktaba.fr\/index.php\/wp-json\/wp\/v2\/product_tag?post=105"}],"curies":[{"name":"wp","href":"https:\/\/api.w.org\/{rel}","templated":true}]}}