{"id":100,"date":"2020-03-02T10:00:00","date_gmt":"2020-03-02T09:00:00","guid":{"rendered":"https:\/\/lamaktaba.fr\/index.php\/produit\/mon-imagier-de-la-mosquee-amin-salih-imran-zaki-super-mafi\/"},"modified":"2025-04-01T12:47:02","modified_gmt":"2025-04-01T10:47:02","slug":"mon-imagier-de-la-mosquee-amin-salih-imran-zaki-super-mafi","status":"publish","type":"product","link":"https:\/\/lamaktaba.fr\/index.php\/produit\/mon-imagier-de-la-mosquee-amin-salih-imran-zaki-super-mafi","title":{"rendered":"Mon imagier de la mosqu\u00e9e &#8211; Amin Salih &#8211; Imran Zaki &#8211; Super Mafi"},"content":{"rendered":"<p>Cet imagier invite les petits bouts \u00e0 d\u00e9couvrir la mosqu\u00e9e et \u00e0 susciter en eux l\u2019amour des demeures d\u2019Allah d\u00e8s la petite enfance.<\/p>\n","protected":false},"excerpt":{"rendered":"<p>Cet imagier invite les petits bouts \u00e0 d\u00e9couvrir la mosqu\u00e9e et \u00e0 susciter en eux l\u2019amour des demeures d\u2019Allah d\u00e8s la petite enfance.<\/p>\n","protected":false},"featured_media":4632,"comment_status":"open","ping_status":"closed","template":"","meta":[],"product_brand":[],"product_cat":[15],"product_tag":[],"class_list":{"0":"post-100","1":"product","2":"type-product","3":"status-publish","4":"has-post-thumbnail","6":"product_cat-non-classe","7":"pa_editeur-bdouin-editions","9":"first","10":"outofstock","11":"shipping-taxable","12":"purchasable","13":"product-type-simple"},"_links":{"self":[{"href":"https:\/\/lamaktaba.fr\/index.php\/wp-json\/wp\/v2\/product\/100","targetHints":{"allow":["GET"]}}],"collection":[{"href":"https:\/\/lamaktaba.fr\/index.php\/wp-json\/wp\/v2\/product"}],"about":[{"href":"https:\/\/lamaktaba.fr\/index.php\/wp-json\/wp\/v2\/types\/product"}],"replies":[{"embeddable":true,"href":"https:\/\/lamaktaba.fr\/index.php\/wp-json\/wp\/v2\/comments?post=100"}],"wp:featuredmedia":[{"embeddable":true,"href":"https:\/\/lamaktaba.fr\/index.php\/wp-json\/wp\/v2\/media\/4632"}],"wp:attachment":[{"href":"https:\/\/lamaktaba.fr\/index.php\/wp-json\/wp\/v2\/media?parent=100"}],"wp:term":[{"taxonomy":"product_brand","embeddable":true,"href":"https:\/\/lamaktaba.fr\/index.php\/wp-json\/wp\/v2\/product_brand?post=100"},{"taxonomy":"product_cat","embeddable":true,"href":"https:\/\/lamaktaba.fr\/index.php\/wp-json\/wp\/v2\/product_cat?post=100"},{"taxonomy":"product_tag","embeddable":true,"href":"https:\/\/lamaktaba.fr\/index.php\/wp-json\/wp\/v2\/product_tag?post=100"}],"curies":[{"name":"wp","href":"https:\/\/api.w.org\/{rel}","templated":true}]}}