{"id":613,"date":"2019-02-12T09:16:59","date_gmt":"2019-02-12T09:16:59","guid":{"rendered":"http:\/\/concerned-coyote.w5.wpsandbox.pro\/?page_id=613"},"modified":"2020-01-13T13:47:44","modified_gmt":"2020-01-13T13:47:44","slug":"about","status":"publish","type":"page","link":"https:\/\/lamaktaba.fr\/index.php\/about","title":{"rendered":"A propos de nous"},"content":{"rendered":"\t\t<div data-elementor-type=\"wp-post\" data-elementor-id=\"613\" class=\"elementor elementor-613\">\n\t\t\t\t\t\t<section class=\"elementor-section elementor-top-section elementor-element elementor-element-36d58428 elementor-section-content-middle elementor-section-boxed elementor-section-height-default elementor-section-height-default\" data-id=\"36d58428\" data-element_type=\"section\" data-settings=\"{&quot;background_background&quot;:&quot;classic&quot;}\">\n\t\t\t\t\t\t<div class=\"elementor-container elementor-column-gap-default\">\n\t\t\t\t\t<div class=\"elementor-column elementor-col-100 elementor-top-column elementor-element elementor-element-742f8c24\" data-id=\"742f8c24\" data-element_type=\"column\">\n\t\t\t<div class=\"elementor-widget-wrap elementor-element-populated\">\n\t\t\t\t\t\t<div class=\"elementor-element elementor-element-b69babb elementor-widget elementor-widget-heading\" data-id=\"b69babb\" data-element_type=\"widget\" data-widget_type=\"heading.default\">\n\t\t\t\t<div class=\"elementor-widget-container\">\n\t\t\t\t\t<h4 class=\"elementor-heading-title elementor-size-default\">Introduction<\/h4>\t\t\t\t<\/div>\n\t\t\t\t<\/div>\n\t\t\t\t<div class=\"elementor-element elementor-element-2769737 elementor-widget elementor-widget-heading\" data-id=\"2769737\" data-element_type=\"widget\" data-widget_type=\"heading.default\">\n\t\t\t\t<div class=\"elementor-widget-container\">\n\t\t\t\t\t<h2 class=\"elementor-heading-title elementor-size-default\">Notre histoire<\/h2>\t\t\t\t<\/div>\n\t\t\t\t<\/div>\n\t\t\t\t<div class=\"elementor-element elementor-element-5e752d98 elementor-widget elementor-widget-text-editor\" data-id=\"5e752d98\" data-element_type=\"widget\" data-widget_type=\"text-editor.default\">\n\t\t\t\t<div class=\"elementor-widget-container\">\n\t\t\t\t\t\t\t\t\t<p>Notre objectif est d\u2019\u00eatre parmi les vendeurs islamique en ligne offrant aux clients le meilleur choix, et une grande valeur et conseils avis\u00e9s \u00e0 nos clients. LA MAKTABA a pour but d\u2019int\u00e9resser et d\u2019enthousiasmer ses clients et d\u2019inciter continuellement les gens \u00e0 acheter des produits islamiques.<\/p><p>Notre r\u00e9putation repose sur la connaissance et l&rsquo;enthousiasme de nos 10 ann\u00e9es d&rsquo;exp\u00e9rience.<\/p><p>Nous nous effor\u00e7ons de cr\u00e9er un endroit o\u00f9 les personnes int\u00e9ress\u00e9es par les produits islamiques puissent se d\u00e9couvrir, un endroit qui encourage les nouveaux clients \u00e0 \u00e9largir les param\u00e8tres de leur vision sur l\u2019islam, un lieu qui abrite les produits islamiques et un lieu pour les clients passionn\u00e9s par les produits qu\u2019ils ach\u00e8tent. Nous mettons continuellement \u00e0 jour notre site Web, alors surveillez les nouveaux produits. Si vous ne trouvez pas ce que vous recherchez, contactez-nous et nous ferons de notre mieux pour vous aider.<\/p><p>Notre but est de fournir les meilleurs produits islamiques \u00e0 nos diff\u00e9rents clients, partout, \u00e0 des prix incroyablement abordables.<\/p><p>Une autre caract\u00e9ristique dont la soci\u00e9t\u00e9 est fi\u00e8re est de conserver l\u2019une des gammes vari\u00e9es de catalogues de produits islamiques disponibles sur Internet. Les produits comprennent des livres islamiques; biographies, livres pour enfants, jurisprudence, aqeedah, sira, v\u00eatements pour hommes, cadeaux, huile de graines de Nigelle, parfums, mat\u00e9riel de madrassah et bien d\u2019autres objets religieux.<\/p><p>LA MAKTABA restera \u00e0 jamais au c\u0153ur des clients en tant que magasin historique de la r\u00e9gion.<\/p>\t\t\t\t\t\t\t\t<\/div>\n\t\t\t\t<\/div>\n\t\t\t\t\t<\/div>\n\t\t<\/div>\n\t\t\t\t\t<\/div>\n\t\t<\/section>\n\t\t\t\t<\/div>\n\t\t","protected":false},"excerpt":{"rendered":"<p>Introduction Notre histoire Notre objectif est d\u2019\u00eatre parmi les vendeurs islamique en ligne offrant aux clients le meilleur choix, et une grande valeur et conseils avis\u00e9s \u00e0 nos clients. LA MAKTABA a pour but d\u2019int\u00e9resser et d\u2019enthousiasmer ses clients et d\u2019inciter continuellement les gens \u00e0 acheter des produits islamiques. Notre r\u00e9putation repose sur la connaissance [&hellip;]<\/p>\n","protected":false},"author":1,"featured_media":0,"parent":0,"menu_order":0,"comment_status":"closed","ping_status":"closed","template":"page-templates\/pagebuilder.php","meta":{"footnotes":""},"class_list":["post-613","page","type-page","status-publish","hentry"],"_links":{"self":[{"href":"https:\/\/lamaktaba.fr\/index.php\/wp-json\/wp\/v2\/pages\/613","targetHints":{"allow":["GET"]}}],"collection":[{"href":"https:\/\/lamaktaba.fr\/index.php\/wp-json\/wp\/v2\/pages"}],"about":[{"href":"https:\/\/lamaktaba.fr\/index.php\/wp-json\/wp\/v2\/types\/page"}],"author":[{"embeddable":true,"href":"https:\/\/lamaktaba.fr\/index.php\/wp-json\/wp\/v2\/users\/1"}],"replies":[{"embeddable":true,"href":"https:\/\/lamaktaba.fr\/index.php\/wp-json\/wp\/v2\/comments?post=613"}],"version-history":[{"count":0,"href":"https:\/\/lamaktaba.fr\/index.php\/wp-json\/wp\/v2\/pages\/613\/revisions"}],"wp:attachment":[{"href":"https:\/\/lamaktaba.fr\/index.php\/wp-json\/wp\/v2\/media?parent=613"}],"curies":[{"name":"wp","href":"https:\/\/api.w.org\/{rel}","templated":true}]}}